{"id":6239,"date":"2024-07-13T02:22:58","date_gmt":"2024-07-13T02:22:58","guid":{"rendered":"https:\/\/infantv.com.br\/itv\/?page_id=6239"},"modified":"2024-07-13T02:25:04","modified_gmt":"2024-07-13T02:25:04","slug":"imprensa","status":"publish","type":"page","link":"https:\/\/infantv.com.br\/itv\/imprensa\/","title":{"rendered":"Imprensa"},"content":{"rendered":"\t\t<div data-elementor-type=\"wp-page\" data-elementor-id=\"6239\" class=\"elementor elementor-6239\">\n\t\t\t\t\t\t<section class=\"elementor-section elementor-top-section elementor-element elementor-element-7001fbd8 elementor-section-boxed elementor-section-height-default elementor-section-height-default wpr-particle-no wpr-jarallax-no wpr-parallax-no wpr-sticky-section-no\" data-id=\"7001fbd8\" data-element_type=\"section\">\n\t\t\t\t\t\t<div class=\"elementor-container elementor-column-gap-default\">\n\t\t\t\t\t<div class=\"elementor-column elementor-col-66 elementor-top-column elementor-element elementor-element-fe32619\" data-id=\"fe32619\" data-element_type=\"column\">\n\t\t\t<div class=\"elementor-widget-wrap elementor-element-populated\">\n\t\t\t\t\t\t<div class=\"elementor-element elementor-element-518caab2 premium-title-color elementor-widget elementor-widget-premium-addon-title\" data-id=\"518caab2\" data-element_type=\"widget\" data-widget_type=\"premium-addon-title.default\">\n\t\t\t\t<div class=\"elementor-widget-container\">\n\t\t\t\r\n\t\t<div class=\"premium-title-container style1\">\r\n\t\t\t<h2 class=\"premium-title-header premium-title-style1\">\r\n\t\t\t\t\r\n\t\t\t\t\r\n\t\t\t\t\t\t\t\t\t\t\t\t<span class=\"premium-title-text\" >\r\n\t\t\t\t\tImprensa\t\t\t\t<\/span>\r\n\t\t\t\t\t\r\n\t\t\t\t\t\t\t\t\t\t\t<\/h2>\r\n\t\t<\/div>\r\n\r\n\t\t\t\t<\/div>\n\t\t\t\t<\/div>\n\t\t\t\t<div class=\"elementor-element elementor-element-3c5c59c7 elementor-widget elementor-widget-text-editor\" data-id=\"3c5c59c7\" data-element_type=\"widget\" data-widget_type=\"text-editor.default\">\n\t\t\t\t<div class=\"elementor-widget-container\">\n\t\t\t<style>\/*! elementor - v3.23.0 - 25-07-2024 *\/\n.elementor-widget-text-editor.elementor-drop-cap-view-stacked .elementor-drop-cap{background-color:#69727d;color:#fff}.elementor-widget-text-editor.elementor-drop-cap-view-framed .elementor-drop-cap{color:#69727d;border:3px solid;background-color:transparent}.elementor-widget-text-editor:not(.elementor-drop-cap-view-default) .elementor-drop-cap{margin-top:8px}.elementor-widget-text-editor:not(.elementor-drop-cap-view-default) .elementor-drop-cap-letter{width:1em;height:1em}.elementor-widget-text-editor .elementor-drop-cap{float:left;text-align:center;line-height:1;font-size:50px}.elementor-widget-text-editor .elementor-drop-cap-letter{display:inline-block}<\/style>\t\t\t\t<p style=\"text-align: center;\"><script async src=\"https:\/\/pagead2.googlesyndication.com\/pagead\/js\/adsbygoogle.js?client=ca-pub-7216971035978343\"\r\n     crossorigin=\"anonymous\"><\/script>\r\n<!-- superior -->\r\n<ins class=\"adsbygoogle\"\r\n     style=\"display:inline-block;width:728px;height:90px\"\r\n     data-ad-client=\"ca-pub-7216971035978343\"\r\n     data-ad-slot=\"7713613550\"><\/ins>\r\n<script>\r\n     (adsbygoogle = window.adsbygoogle || []).push({});\r\n<\/script><\/p>\t\t\t\t\t\t<\/div>\n\t\t\t\t<\/div>\n\t\t\t\t<div class=\"elementor-element elementor-element-6b1b8e40 elementor-widget elementor-widget-text-editor\" data-id=\"6b1b8e40\" data-element_type=\"widget\" data-widget_type=\"text-editor.default\">\n\t\t\t\t<div class=\"elementor-widget-container\">\n\t\t\t\t\t\t\t<p><span style=\"color: #000000;\">RELEASE:<\/span><\/p><p><span style=\"color: #000000;\">O InfanTv surgiu em setembro de 2003 com o intuito de resgatar a mem\u00f3ria da nossa tev\u00ea atrav\u00e9s dos programas infantis. Com isso, o site acaba abordando a inf\u00e2ncia de muitos internautas de diversas gera\u00e7\u00f5es. Estamos presentes na vida daqueles que foram crian\u00e7as cantando \u201cO bom menino n\u00e3o faz xixi na cama, o bom menino n\u00e3o faz mal-cria\u00e7\u00e3o\u201d, mas tamb\u00e9m revivemos a inf\u00e2ncia de quem aprendeu com o Vila S\u00e9samo ou de quem viu a Xuxa estrear no Clube da Crian\u00e7a.<\/span><\/p><p><span style=\"color: #000000;\">O sites est\u00e1 dividido em cinco tipos de programa\u00e7\u00e3o. Em \u201cS\u00e9ries\u201d, voc\u00ea vai encontrar todos aqueles seriados que marcaram a inf\u00e2ncia de muitos.<\/span><\/p><p><span style=\"color: #000000;\">Em \u201cProgramas\u201d reunimos o maior n\u00famero de informa\u00e7\u00f5es que pudemos encontrar sobre a hist\u00f3ria da nossa tev\u00ea nesse tipo de linguagem. Temos fotos raras, informa\u00e7\u00f5es de bastidores e dados biogr\u00e1ficos de programas infantis desde os prim\u00f3rdios da nossa televis\u00e3o at\u00e9 os dias de hoje. N\u00e3o est\u00e3o aqui aqueles programas que tiveram uma passagem r\u00e1pida pela tev\u00ea e que assim pouco marcaram, nem os programas que est\u00e3o atualmente sendo exibidos. Nossa regra \u00e9: saiu do ar entra em nosso site.<\/span><\/p><p><span style=\"color: #000000;\">As \u201cTelenovelas\u201d tamb\u00e9m tiveram um papel fundamental em nossa inf\u00e2ncia e n\u00e3o poderiam ficar de fora do InfanTv. Foram selecionadas, al\u00e9m daquelas telenovelas voltadas exclusivamente ao p\u00fablico infantil, algumas que agradaram esse mesmo p\u00fablico por um motivo ou outro. \u00c9 o caso de A Gata Comeu, Vamp e Sonho Meu.<\/span><\/p><p><span style=\"color: #000000;\">H\u00e1 um espa\u00e7o tamb\u00e9m reservado para os \u201cDesenhos\u201d, onde o internauta ir\u00e1 mergulhar num mundo de fantasia repleto de personagens marcantes e hist\u00f3rias que ainda moram em nossa mem\u00f3ria.<\/span><\/p><p><span style=\"color: #000000;\">Mas nem s\u00f3 de programas se mant\u00e9m nossa mem\u00f3ria, n\u00f3s guardamos para sempre muitos comerciais que na aus\u00eancia do controle remoto \u00e9ramos \u201cobrigados\u201d a assisti-los. A se\u00e7\u00e3o \u201cIntervalo\u201d \u00e9 o espa\u00e7o para jingles e v\u00eddeos desses comerciais. Levamos em conta para a escolha dos comerciais que aqui est\u00e3o, n\u00e3o s\u00f3 se o produto era voltado ao p\u00fablico infantil, mas tamb\u00e9m escolhemos jingles que foram uma verdadeira febre e que por isso mesmo caiu no gosto da crian\u00e7ada como o Caf\u00e9 Seleto.<\/span><\/p><p><span style=\"color: #000000;\">Al\u00e9m de muitas fotos raras, o site tr\u00e1s dezenas de temas dos programas e quando poss\u00edvel v\u00eddeos. A cada m\u00eas trazemos not\u00edcias e entrevistas sobre programas infantis, al\u00e9m de se\u00e7\u00f5es sempre atualizadas: Trilha Sonora: onde o visitante encontra informa\u00e7\u00f5es e letras de algum \u00e1lbum que fez sucesso representando algum programa; Filmes: o lugar certo para relembramos aqueles filmes que nos encantaram na tev\u00ea em se\u00e7\u00f5es como Cinema em Casa ou Se\u00e7\u00e3o da Tarde; em Lembra?: encontramos elementos que faziam parte da televis\u00e3o e que de alguma maneira marcou a crian\u00e7ada, como o Zebrinha do Fant\u00e1stico ou a abertura de Planeta dos Homens.<\/span><\/p><p><span style=\"color: #000000;\">A interatividade est\u00e1 muito presente no InfanTv. Al\u00e9m de abrirmos um canal atrav\u00e9s de nosso e-mail para cr\u00edticas, d\u00favidas e sugest\u00f5es, estamos sempre atendendo aos pedidos dos nossos internautas, porque aqui voc\u00ea manda!<\/span><\/p><p><span style=\"color: #000000;\">N\u00e3o deixe de divulgar esse canal entre voc\u00ea e a busca do seu passado. Boa Divers\u00e3o!<\/span><\/p>\t\t\t\t\t\t<\/div>\n\t\t\t\t<\/div>\n\t\t\t\t\t<\/div>\n\t\t<\/div>\n\t\t\t\t<div class=\"elementor-column elementor-col-33 elementor-top-column elementor-element elementor-element-636acb56\" data-id=\"636acb56\" data-element_type=\"column\">\n\t\t\t<div class=\"elementor-widget-wrap elementor-element-populated\">\n\t\t\t\t\t\t<div class=\"elementor-element elementor-element-790a2cbf elementor-widget elementor-widget-sidebar\" data-id=\"790a2cbf\" data-element_type=\"widget\" data-widget_type=\"sidebar.default\">\n\t\t\t\t<div class=\"elementor-widget-container\">\n\t\t\t<div id=\"text-2\" class=\"widget widget_text\">\t\t\t<div class=\"textwidget\"><p><center><script async src=\"\/\/pagead2.googlesyndication.com\/pagead\/js\/adsbygoogle.js?client=ca-pub-7216971035978343\" crossorigin=\"anonymous\"><\/script><ins class=\"adsbygoogle\" style=\"display:inline-block;width:300px;height:250px;\" \ndata-ad-client=\"ca-pub-7216971035978343\" \ndata-ad-slot=\"0895902456\"><\/ins> \n<script> \n(adsbygoogle = window.adsbygoogle || []).push({}); \n<\/script>\n<\/center><\/p>\n<\/div>\n\t\t<\/div><div id=\"block-2\" class=\"widget widget_block widget_search\"><form role=\"search\" method=\"get\" action=\"https:\/\/infantv.com.br\/itv\/\" class=\"wp-block-search__button-outside wp-block-search__text-button wp-block-search\"    ><label class=\"wp-block-search__label\" for=\"wp-block-search__input-1\" >Pesquisar<\/label><div class=\"wp-block-search__inside-wrapper\" ><input class=\"wp-block-search__input\" id=\"wp-block-search__input-1\" placeholder=\"\" value=\"\" type=\"search\" name=\"s\" required \/><button aria-label=\"Pesquisar\" class=\"wp-block-search__button wp-element-button\" type=\"submit\" >Pesquisar<\/button><\/div><\/form><\/div><div id=\"text-3\" class=\"widget widget_text\">\t\t\t<div class=\"textwidget\"><p><center><script async src=\"https:\/\/pagead2.googlesyndication.com\/pagead\/js\/adsbygoogle.js?client=ca-pub-7216971035978343\"\r\n     crossorigin=\"anonymous\"><\/script>\r\n<!-- banner_inicio_grande -->\r\n<ins class=\"adsbygoogle\"\r\n     style=\"display:inline-block;width:300px;height:600px\"\r\n     data-ad-client=\"ca-pub-7216971035978343\"\r\n     data-ad-slot=\"8547858358\"><\/ins>\r\n<script>\r\n     (adsbygoogle = window.adsbygoogle || []).push({});\r\n<\/script><\/center><\/p>\n<\/div>\n\t\t<\/div>\t\t<\/div>\n\t\t\t\t<\/div>\n\t\t\t\t\t<\/div>\n\t\t<\/div>\n\t\t\t\t\t<\/div>\n\t\t<\/section>\n\t\t\t\t<\/div>\n\t\t","protected":false},"excerpt":{"rendered":"<p>Imprensa RELEASE: O InfanTv surgiu em setembro de 2003 com o intuito de resgatar a<\/p>\n","protected":false},"author":1,"featured_media":0,"parent":0,"menu_order":0,"comment_status":"closed","ping_status":"closed","template":"elementor_header_footer","meta":{"_monsterinsights_skip_tracking":false,"_monsterinsights_sitenote_active":false,"_monsterinsights_sitenote_note":"","_monsterinsights_sitenote_category":0,"footnotes":""},"class_list":["post-6239","page","type-page","status-publish","hentry"],"aioseo_notices":[],"_links":{"self":[{"href":"https:\/\/infantv.com.br\/itv\/wp-json\/wp\/v2\/pages\/6239","targetHints":{"allow":["GET"]}}],"collection":[{"href":"https:\/\/infantv.com.br\/itv\/wp-json\/wp\/v2\/pages"}],"about":[{"href":"https:\/\/infantv.com.br\/itv\/wp-json\/wp\/v2\/types\/page"}],"author":[{"embeddable":true,"href":"https:\/\/infantv.com.br\/itv\/wp-json\/wp\/v2\/users\/1"}],"replies":[{"embeddable":true,"href":"https:\/\/infantv.com.br\/itv\/wp-json\/wp\/v2\/comments?post=6239"}],"version-history":[{"count":3,"href":"https:\/\/infantv.com.br\/itv\/wp-json\/wp\/v2\/pages\/6239\/revisions"}],"predecessor-version":[{"id":6242,"href":"https:\/\/infantv.com.br\/itv\/wp-json\/wp\/v2\/pages\/6239\/revisions\/6242"}],"wp:attachment":[{"href":"https:\/\/infantv.com.br\/itv\/wp-json\/wp\/v2\/media?parent=6239"}],"curies":[{"name":"wp","href":"https:\/\/api.w.org\/{rel}","templated":true}]}}