{"id":2793,"date":"2024-06-23T02:59:49","date_gmt":"2024-06-23T02:59:49","guid":{"rendered":"https:\/\/infantv.com.br\/itv\/?page_id=2793"},"modified":"2024-07-13T02:21:34","modified_gmt":"2024-07-13T02:21:34","slug":"contato","status":"publish","type":"page","link":"https:\/\/infantv.com.br\/itv\/contato\/","title":{"rendered":"Contato"},"content":{"rendered":"\t\t<div data-elementor-type=\"wp-page\" data-elementor-id=\"2793\" class=\"elementor elementor-2793\">\n\t\t\t\t\t\t<section class=\"elementor-section elementor-top-section elementor-element elementor-element-450b7aaf elementor-section-boxed elementor-section-height-default elementor-section-height-default wpr-particle-no wpr-jarallax-no wpr-parallax-no wpr-sticky-section-no\" data-id=\"450b7aaf\" data-element_type=\"section\">\n\t\t\t\t\t\t<div class=\"elementor-container elementor-column-gap-default\">\n\t\t\t\t\t<div class=\"elementor-column elementor-col-66 elementor-top-column elementor-element elementor-element-14ef5fc4\" data-id=\"14ef5fc4\" data-element_type=\"column\">\n\t\t\t<div class=\"elementor-widget-wrap elementor-element-populated\">\n\t\t\t\t\t\t<div class=\"elementor-element elementor-element-120e7efa premium-title-color elementor-widget elementor-widget-premium-addon-title\" data-id=\"120e7efa\" data-element_type=\"widget\" data-widget_type=\"premium-addon-title.default\">\n\t\t\t\t<div class=\"elementor-widget-container\">\n\t\t\t\r\n\t\t<div class=\"premium-title-container style1\">\r\n\t\t\t<h2 class=\"premium-title-header premium-title-style1\">\r\n\t\t\t\t\r\n\t\t\t\t\r\n\t\t\t\t\t\t\t\t\t\t\t\t<span class=\"premium-title-text\" >\r\n\t\t\t\t\tContato\t\t\t\t<\/span>\r\n\t\t\t\t\t\r\n\t\t\t\t\t\t\t\t\t\t\t<\/h2>\r\n\t\t<\/div>\r\n\r\n\t\t\t\t<\/div>\n\t\t\t\t<\/div>\n\t\t\t\t<div class=\"elementor-element elementor-element-4fed56ca elementor-widget elementor-widget-text-editor\" data-id=\"4fed56ca\" data-element_type=\"widget\" data-widget_type=\"text-editor.default\">\n\t\t\t\t<div class=\"elementor-widget-container\">\n\t\t\t<style>\/*! elementor - v3.23.0 - 25-07-2024 *\/\n.elementor-widget-text-editor.elementor-drop-cap-view-stacked .elementor-drop-cap{background-color:#69727d;color:#fff}.elementor-widget-text-editor.elementor-drop-cap-view-framed .elementor-drop-cap{color:#69727d;border:3px solid;background-color:transparent}.elementor-widget-text-editor:not(.elementor-drop-cap-view-default) .elementor-drop-cap{margin-top:8px}.elementor-widget-text-editor:not(.elementor-drop-cap-view-default) .elementor-drop-cap-letter{width:1em;height:1em}.elementor-widget-text-editor .elementor-drop-cap{float:left;text-align:center;line-height:1;font-size:50px}.elementor-widget-text-editor .elementor-drop-cap-letter{display:inline-block}<\/style>\t\t\t\t<p style=\"text-align: center;\"><script async src=\"https:\/\/pagead2.googlesyndication.com\/pagead\/js\/adsbygoogle.js?client=ca-pub-7216971035978343\"\r\n     crossorigin=\"anonymous\"><\/script>\r\n<!-- superior -->\r\n<ins class=\"adsbygoogle\"\r\n     style=\"display:inline-block;width:728px;height:90px\"\r\n     data-ad-client=\"ca-pub-7216971035978343\"\r\n     data-ad-slot=\"7713613550\"><\/ins>\r\n<script>\r\n     (adsbygoogle = window.adsbygoogle || []).push({});\r\n<\/script><\/p>\t\t\t\t\t\t<\/div>\n\t\t\t\t<\/div>\n\t\t\t\t<div class=\"elementor-element elementor-element-2f7b3309 elementor-widget elementor-widget-text-editor\" data-id=\"2f7b3309\" data-element_type=\"widget\" data-widget_type=\"text-editor.default\">\n\t\t\t\t<div class=\"elementor-widget-container\">\n\t\t\t\t\t\t\t<p><script type=\"text\/javascript\" src=\"https:\/\/pagead2.googlesyndication.com\/pagead\/show_ads.js\">\n<\/script><\/p><p><!-- WordPress Ads Manager plugin by Crunchify.com - Top post Ad END --><\/p><p><script src=\"https:\/\/form.jotformz.com\/jsform\/63614454496665\" type=\"text\/javascript\"><\/script><\/p><p style=\"text-align: center;\"><span style=\"color: #000000;\"><strong>D\u00favidas:<\/strong><\/span><br \/><span style=\"color: #000000;\"><a style=\"color: #000000;\" href=\"mailto:atendimento@infantv.com.br\">atendimento@infantv.com.br<\/a><\/span><\/p><p style=\"text-align: center;\"><span style=\"color: #000000;\"><strong>Para anunciar:<\/strong><\/span><br \/><span style=\"color: #000000;\"><a style=\"color: #000000;\" href=\"mailto:comercial@infantv.com.br\">comercial@infantv.com.br<\/a><\/span><\/p><p style=\"text-align: center;\"><span style=\"color: #000000;\"><strong>Corre\u00e7\u00f5es:<\/strong><\/span><br \/><span style=\"color: #000000;\"><a style=\"color: #000000;\" href=\"mailto:redacao@infantv.com.br\">redacao@infantv.com.br<\/a><\/span><\/p><p style=\"text-align: center;\"><span style=\"color: #000000;\"><strong>Sugest\u00f5es:<\/strong><\/span><br \/><span style=\"color: #000000;\"><a style=\"color: #000000;\" href=\"mailto:conteudo@infantv.com.br\">conteudo@infantv.com.br<\/a><\/span><\/p>\t\t\t\t\t\t<\/div>\n\t\t\t\t<\/div>\n\t\t\t\t\t<\/div>\n\t\t<\/div>\n\t\t\t\t<div class=\"elementor-column elementor-col-33 elementor-top-column elementor-element elementor-element-252fe379\" data-id=\"252fe379\" data-element_type=\"column\">\n\t\t\t<div class=\"elementor-widget-wrap elementor-element-populated\">\n\t\t\t\t\t\t\t<\/div>\n\t\t<\/div>\n\t\t\t\t\t<\/div>\n\t\t<\/section>\n\t\t\t\t<\/div>\n\t\t","protected":false},"excerpt":{"rendered":"<p>Contato D\u00favidas:atendimento@infantv.com.br Para anunciar:comercial@infantv.com.br Corre\u00e7\u00f5es:redacao@infantv.com.br Sugest\u00f5es:conteudo@infantv.com.br<\/p>\n","protected":false},"author":1,"featured_media":0,"parent":0,"menu_order":0,"comment_status":"closed","ping_status":"closed","template":"elementor_header_footer","meta":{"_monsterinsights_skip_tracking":false,"_monsterinsights_sitenote_active":false,"_monsterinsights_sitenote_note":"","_monsterinsights_sitenote_category":0,"footnotes":""},"class_list":["post-2793","page","type-page","status-publish","hentry"],"aioseo_notices":[],"_links":{"self":[{"href":"https:\/\/infantv.com.br\/itv\/wp-json\/wp\/v2\/pages\/2793","targetHints":{"allow":["GET"]}}],"collection":[{"href":"https:\/\/infantv.com.br\/itv\/wp-json\/wp\/v2\/pages"}],"about":[{"href":"https:\/\/infantv.com.br\/itv\/wp-json\/wp\/v2\/types\/page"}],"author":[{"embeddable":true,"href":"https:\/\/infantv.com.br\/itv\/wp-json\/wp\/v2\/users\/1"}],"replies":[{"embeddable":true,"href":"https:\/\/infantv.com.br\/itv\/wp-json\/wp\/v2\/comments?post=2793"}],"version-history":[{"count":7,"href":"https:\/\/infantv.com.br\/itv\/wp-json\/wp\/v2\/pages\/2793\/revisions"}],"predecessor-version":[{"id":6238,"href":"https:\/\/infantv.com.br\/itv\/wp-json\/wp\/v2\/pages\/2793\/revisions\/6238"}],"wp:attachment":[{"href":"https:\/\/infantv.com.br\/itv\/wp-json\/wp\/v2\/media?parent=2793"}],"curies":[{"name":"wp","href":"https:\/\/api.w.org\/{rel}","templated":true}]}}