{"id":1720,"date":"2024-06-15T12:22:57","date_gmt":"2024-06-15T12:22:57","guid":{"rendered":"https:\/\/infantv.com.br\/itv\/?page_id=1720"},"modified":"2024-06-15T12:22:57","modified_gmt":"2024-06-15T12:22:57","slug":"criacao-2","status":"publish","type":"page","link":"https:\/\/infantv.com.br\/itv\/criacao-2\/","title":{"rendered":"Cria\u00e7\u00e3o"},"content":{"rendered":"\t\t<div data-elementor-type=\"wp-page\" data-elementor-id=\"1720\" class=\"elementor elementor-1720\">\n\t\t\t\t\t\t<section class=\"elementor-section elementor-top-section elementor-element elementor-element-359ac8e elementor-section-boxed elementor-section-height-default elementor-section-height-default wpr-particle-no wpr-jarallax-no wpr-parallax-no wpr-sticky-section-no\" data-id=\"359ac8e\" data-element_type=\"section\">\n\t\t\t\t\t\t<div class=\"elementor-container elementor-column-gap-default\">\n\t\t\t\t\t<div class=\"elementor-column elementor-col-66 elementor-top-column elementor-element elementor-element-66e3991\" data-id=\"66e3991\" data-element_type=\"column\">\n\t\t\t<div class=\"elementor-widget-wrap elementor-element-populated\">\n\t\t\t\t\t\t<div class=\"elementor-element elementor-element-6ffb63f premium-title-color elementor-widget elementor-widget-premium-addon-title\" data-id=\"6ffb63f\" data-element_type=\"widget\" data-widget_type=\"premium-addon-title.default\">\n\t\t\t\t<div class=\"elementor-widget-container\">\n\t\t\t\r\n\t\t<div class=\"premium-title-container style1\">\r\n\t\t\t<h2 class=\"premium-title-header premium-title-style1\">\r\n\t\t\t\t\r\n\t\t\t\t\r\n\t\t\t\t\t\t\t\t\t\t\t\t<span class=\"premium-title-text\" >\r\n\t\t\t\t\tCria\u00e7\u00e3o\t\t\t\t<\/span>\r\n\t\t\t\t\t\r\n\t\t\t\t\t\t\t\t\t\t\t<\/h2>\r\n\t\t<\/div>\r\n\r\n\t\t\t\t<\/div>\n\t\t\t\t<\/div>\n\t\t\t\t<div class=\"elementor-element elementor-element-8f41021 elementor-widget elementor-widget-text-editor\" data-id=\"8f41021\" data-element_type=\"widget\" data-widget_type=\"text-editor.default\">\n\t\t\t\t<div class=\"elementor-widget-container\">\n\t\t\t<style>\/*! elementor - v3.23.0 - 25-07-2024 *\/\n.elementor-widget-text-editor.elementor-drop-cap-view-stacked .elementor-drop-cap{background-color:#69727d;color:#fff}.elementor-widget-text-editor.elementor-drop-cap-view-framed .elementor-drop-cap{color:#69727d;border:3px solid;background-color:transparent}.elementor-widget-text-editor:not(.elementor-drop-cap-view-default) .elementor-drop-cap{margin-top:8px}.elementor-widget-text-editor:not(.elementor-drop-cap-view-default) .elementor-drop-cap-letter{width:1em;height:1em}.elementor-widget-text-editor .elementor-drop-cap{float:left;text-align:center;line-height:1;font-size:50px}.elementor-widget-text-editor .elementor-drop-cap-letter{display:inline-block}<\/style>\t\t\t\t<p style=\"text-align: center;\"><script async src=\"https:\/\/pagead2.googlesyndication.com\/pagead\/js\/adsbygoogle.js?client=ca-pub-7216971035978343\"\r\n     crossorigin=\"anonymous\"><\/script>\r\n<!-- superior -->\r\n<ins class=\"adsbygoogle\"\r\n     style=\"display:inline-block;width:728px;height:90px\"\r\n     data-ad-client=\"ca-pub-7216971035978343\"\r\n     data-ad-slot=\"7713613550\"><\/ins>\r\n<script>\r\n     (adsbygoogle = window.adsbygoogle || []).push({});\r\n<\/script><\/p>\t\t\t\t\t\t<\/div>\n\t\t\t\t<\/div>\n\t\t\t\t<div class=\"elementor-element elementor-element-5f3f6b1 elementor-widget elementor-widget-text-editor\" data-id=\"5f3f6b1\" data-element_type=\"widget\" data-widget_type=\"text-editor.default\">\n\t\t\t\t<div class=\"elementor-widget-container\">\n\t\t\t\t\t\t\t<p><span style=\"color: #000000;\">Iza\u00edas Correia \u00e9 um cin\u00e9filo que aprendeu a apreciar a arte cinematogr\u00e1fica como um todo, desde o Expressionismo Alem\u00e3o at\u00e9 os romances contempor\u00e2neos. Todas as informa\u00e7\u00f5es sobre movimentos, g\u00eaneros e estrelas do cinema foram colecionados por ele ao longo dos anos.<\/span><\/p><p><span style=\"color: #000000;\">Vive rodeado de Enciclop\u00e9dias sobre o assunto. Seu primeiro site \u201c<strong>A Verdade Por Tr\u00e1s do O Exorcista<\/strong>\u201d \u00e9 um dos mais completos trabalhos de pesquisa j\u00e1 realizados na Internet sobre um filme. O site tornou-se um estrondoso sucesso e abriu portas para o autor da p\u00e1gina, que acabou sendo convidado pela Warner para corrigir as legendas da nova vers\u00e3o do filme lan\u00e7ada no Brasil, al\u00e9m de dar entrevistas para a Revista \u00c9poca, Folha de S\u00e3o Paulo e o Programa do J\u00f4 a respeito do filme e do site.<\/span><\/p><p><span style=\"color: #000000;\">Iza\u00edas \u00e9 Bacharel em Comunica\u00e7\u00e3o Social, pelas Faculdades Oswaldo Cruz, e trabalhou por 1 ano e meio como roteirista do programa Mutir\u00e3o Cultural. Talvez esse contato acentuado com os ve\u00edculos de comunica\u00e7\u00e3o de massa tenha tornado Iza\u00edas um inveterado pesquisador <strong>InfanTv<\/strong>. Hoje leciona roteiro e l\u00edngua portuguesa e cuida da manuten\u00e7\u00e3o dos seus sites.<\/span><\/p>\t\t\t\t\t\t<\/div>\n\t\t\t\t<\/div>\n\t\t\t\t\t<\/div>\n\t\t<\/div>\n\t\t\t\t<div class=\"elementor-column elementor-col-33 elementor-top-column elementor-element elementor-element-b3e89ad\" data-id=\"b3e89ad\" data-element_type=\"column\">\n\t\t\t<div class=\"elementor-widget-wrap elementor-element-populated\">\n\t\t\t\t\t\t\t<\/div>\n\t\t<\/div>\n\t\t\t\t\t<\/div>\n\t\t<\/section>\n\t\t\t\t<\/div>\n\t\t","protected":false},"excerpt":{"rendered":"<p>Cria\u00e7\u00e3o Iza\u00edas Correia \u00e9 um cin\u00e9filo que aprendeu a apreciar a arte cinematogr\u00e1fica como um<\/p>\n","protected":false},"author":1,"featured_media":0,"parent":0,"menu_order":0,"comment_status":"closed","ping_status":"closed","template":"elementor_header_footer","meta":{"_monsterinsights_skip_tracking":false,"_monsterinsights_sitenote_active":false,"_monsterinsights_sitenote_note":"","_monsterinsights_sitenote_category":0,"footnotes":""},"class_list":["post-1720","page","type-page","status-publish","hentry"],"aioseo_notices":[],"_links":{"self":[{"href":"https:\/\/infantv.com.br\/itv\/wp-json\/wp\/v2\/pages\/1720","targetHints":{"allow":["GET"]}}],"collection":[{"href":"https:\/\/infantv.com.br\/itv\/wp-json\/wp\/v2\/pages"}],"about":[{"href":"https:\/\/infantv.com.br\/itv\/wp-json\/wp\/v2\/types\/page"}],"author":[{"embeddable":true,"href":"https:\/\/infantv.com.br\/itv\/wp-json\/wp\/v2\/users\/1"}],"replies":[{"embeddable":true,"href":"https:\/\/infantv.com.br\/itv\/wp-json\/wp\/v2\/comments?post=1720"}],"version-history":[{"count":2,"href":"https:\/\/infantv.com.br\/itv\/wp-json\/wp\/v2\/pages\/1720\/revisions"}],"predecessor-version":[{"id":1768,"href":"https:\/\/infantv.com.br\/itv\/wp-json\/wp\/v2\/pages\/1720\/revisions\/1768"}],"wp:attachment":[{"href":"https:\/\/infantv.com.br\/itv\/wp-json\/wp\/v2\/media?parent=1720"}],"curies":[{"name":"wp","href":"https:\/\/api.w.org\/{rel}","templated":true}]}}