{"id":1089,"date":"2024-06-01T20:26:35","date_gmt":"2024-06-01T20:26:35","guid":{"rendered":"https:\/\/infantv.com.br\/itv\/?page_id=1089"},"modified":"2024-06-01T20:28:46","modified_gmt":"2024-06-01T20:28:46","slug":"politica-de-privacidade","status":"publish","type":"page","link":"https:\/\/infantv.com.br\/itv\/politica-de-privacidade\/","title":{"rendered":"Pol\u00edtica de Privacidade"},"content":{"rendered":"\t\t<div data-elementor-type=\"wp-page\" data-elementor-id=\"1089\" class=\"elementor elementor-1089\">\n\t\t\t\t\t\t<section class=\"elementor-section elementor-top-section elementor-element elementor-element-359ac8e elementor-section-boxed elementor-section-height-default elementor-section-height-default wpr-particle-no wpr-jarallax-no wpr-parallax-no wpr-sticky-section-no\" data-id=\"359ac8e\" data-element_type=\"section\">\n\t\t\t\t\t\t<div class=\"elementor-container elementor-column-gap-default\">\n\t\t\t\t\t<div class=\"elementor-column elementor-col-66 elementor-top-column elementor-element elementor-element-66e3991\" data-id=\"66e3991\" data-element_type=\"column\">\n\t\t\t<div class=\"elementor-widget-wrap elementor-element-populated\">\n\t\t\t\t\t\t<div class=\"elementor-element elementor-element-6ffb63f premium-title-color elementor-widget elementor-widget-premium-addon-title\" data-id=\"6ffb63f\" data-element_type=\"widget\" data-widget_type=\"premium-addon-title.default\">\n\t\t\t\t<div class=\"elementor-widget-container\">\n\t\t\t\r\n\t\t<div class=\"premium-title-container style1\">\r\n\t\t\t<h2 class=\"premium-title-header premium-title-style1\">\r\n\t\t\t\t\r\n\t\t\t\t\r\n\t\t\t\t\t\t\t\t\t\t\t\t<span class=\"premium-title-text\" >\r\n\t\t\t\t\tPol\u00edtica de Privacidade\t\t\t\t<\/span>\r\n\t\t\t\t\t\r\n\t\t\t\t\t\t\t\t\t\t\t<\/h2>\r\n\t\t<\/div>\r\n\r\n\t\t\t\t<\/div>\n\t\t\t\t<\/div>\n\t\t\t\t<div class=\"elementor-element elementor-element-8f41021 elementor-widget elementor-widget-text-editor\" data-id=\"8f41021\" data-element_type=\"widget\" data-widget_type=\"text-editor.default\">\n\t\t\t\t<div class=\"elementor-widget-container\">\n\t\t\t<style>\/*! elementor - v3.23.0 - 25-07-2024 *\/\n.elementor-widget-text-editor.elementor-drop-cap-view-stacked .elementor-drop-cap{background-color:#69727d;color:#fff}.elementor-widget-text-editor.elementor-drop-cap-view-framed .elementor-drop-cap{color:#69727d;border:3px solid;background-color:transparent}.elementor-widget-text-editor:not(.elementor-drop-cap-view-default) .elementor-drop-cap{margin-top:8px}.elementor-widget-text-editor:not(.elementor-drop-cap-view-default) .elementor-drop-cap-letter{width:1em;height:1em}.elementor-widget-text-editor .elementor-drop-cap{float:left;text-align:center;line-height:1;font-size:50px}.elementor-widget-text-editor .elementor-drop-cap-letter{display:inline-block}<\/style>\t\t\t\t<p style=\"text-align: center;\"><script async src=\"https:\/\/pagead2.googlesyndication.com\/pagead\/js\/adsbygoogle.js?client=ca-pub-7216971035978343\"\r\n     crossorigin=\"anonymous\"><\/script>\r\n<!-- superior -->\r\n<ins class=\"adsbygoogle\"\r\n     style=\"display:inline-block;width:728px;height:90px\"\r\n     data-ad-client=\"ca-pub-7216971035978343\"\r\n     data-ad-slot=\"7713613550\"><\/ins>\r\n<script>\r\n     (adsbygoogle = window.adsbygoogle || []).push({});\r\n<\/script><\/p>\t\t\t\t\t\t<\/div>\n\t\t\t\t<\/div>\n\t\t\t\t<div class=\"elementor-element elementor-element-5f3f6b1 elementor-widget elementor-widget-text-editor\" data-id=\"5f3f6b1\" data-element_type=\"widget\" data-widget_type=\"text-editor.default\">\n\t\t\t\t<div class=\"elementor-widget-container\">\n\t\t\t\t\t\t\t<p><span style=\"color: #000000;\">Abordamos nesse documento sobre a pol\u00edtica de privacidade para regular o tratamento e a prote\u00e7\u00e3o dos dados pessoais de leitores e usu\u00e1rios do site\u00a0<strong>InfanTv<\/strong>.<\/span><\/p><p><span style=\"color: #000000;\">Os termos aqui registrados est\u00e3o de acordo com as diretrizes previstas na Lei n\u00ba 12.965\/2014 e t\u00eam por fun\u00e7\u00e3o garantir a seguran\u00e7a, prote\u00e7\u00e3o, privacidade e sigilo de seus dados.<\/span><\/p><p><span style=\"color: #000000;\">As informa\u00e7\u00f5es disponibilizadas no site est\u00e3o sujeitas a altera\u00e7\u00f5es sem pr\u00e9vio aviso ou autoriza\u00e7\u00e3o. Elas s\u00e3o exclusivamente divulgadas com prop\u00f3sito informativo.<\/span><\/p><p><span style=\"color: #000000;\">O site poder\u00e1 dar acesso a links para outros sites externos cujos conte\u00fados e pol\u00edticas de privacidade n\u00e3o s\u00e3o de nossa responsabilidade. Assim, recomenda-se que, ao serem redirecionados para sites externos, os usu\u00e1rios consultem sempre as respectivas pol\u00edticas de privacidade antes de fornecerem seus dados.<\/span><\/p><p><span style=\"color: #000000;\">\u00c0 medida que voc\u00ea acessa o site\u00a0<strong>InfanTv<\/strong>\u00a0atrav\u00e9s de PC, tablets e celulares, podem ser registradas informa\u00e7\u00f5es sobre quais p\u00e1ginas foram acessadas, qual \u00e9 seu navegador, seu IP, seu sistema operacional, entre outros.<\/span><\/p><p><span style=\"color: #000000;\">Durante a navega\u00e7\u00e3o do usu\u00e1rio no site, s\u00e3o arquivadas estat\u00edsticas sobre as p\u00e1ginas mais visitadas e o tempo gasto em cada sess\u00e3o, visando ajudar o usu\u00e1rio a encontrar rapidamente o que precisa. Tais informa\u00e7\u00f5es gen\u00e9ricas podem ser utilizadas ainda para divulgar, por exemplo, os conte\u00fados mais acessados no site, ou para informar a um anunciante quais informa\u00e7\u00f5es s\u00e3o mais acessadas dentro do portal.<\/span><\/p><p><span style=\"color: #000000;\">Alguns an\u00fancios t\u00eam como base principalmente as consultas de pesquisa que voc\u00ea faz ou o conte\u00fado da p\u00e1gina que voc\u00ea est\u00e1 visualizando. Ao fornecer an\u00fancios de acordo com seus interesses, oferecemos ferramentas \u00fateis para voc\u00ea visualizar e gerenciar as informa\u00e7\u00f5es que est\u00e3o sendo coletadas e usadas para veicular an\u00fancios.<\/span><\/p><p><span style=\"color: #000000;\">Algumas p\u00e1ginas tamb\u00e9m podem armazenar cookies, pequenos arquivos instalados por sites nos computadores quando o navegador de internet \u00e9 usado. Esses arquivos permitem identificar se um mesmo aparelho j\u00e1 fez uma visita anterior ao site. Tamb\u00e9m t\u00eam a capacidade de determinar que informa\u00e7\u00f5es de servi\u00e7os, conte\u00fados e suporte s\u00e3o apropriadas para cada usu\u00e1rio e para o seu computador, tornando mais f\u00e1cil, eficaz e \u00e1gil sua navega\u00e7\u00e3o no site.<\/span><\/p><p><span style=\"color: #000000;\">O <strong>InfanTv<\/strong> usar\u00e1 todos os meios necess\u00e1rios para proteger a confidencialidade, a integridade e a disponibilidade dos dados.<\/span><\/p><p><span style=\"color: #000000;\">Voc\u00ea pode desativar cookies e web beacons a qualquer momento. Por\u00e9m, ao desativar essas tecnologias, talvez voc\u00ea n\u00e3o consiga usar e aproveitar todos os recursos que oferecemos.<\/span><\/p><p><span style=\"color: #000000;\">O procedimento para desativar \u00e9 diferente para cada navegador; voc\u00ea precisar\u00e1 fazer isso em cada um dos que usa:<\/span><\/p><div class=\"sc-fzoJus bPIkEp\"><div class=\"sc-fzoJus bPIkEp\"><ul class=\"sc-fzpisO jHQZJv\"><li class=\"sc-fznyYp kdOAmQ\"><div><a href=\"https:\/\/support.google.com\/chrome\/answer\/95647?co=GENIE.Platform%3DDesktop&amp;oco=1&amp;hl=pt-BR\" target=\"_blank\" rel=\"noopener noreferrer\">Google Chrome<\/a><\/div><\/li><li class=\"sc-fznyYp kdOAmQ\"><div><a href=\"https:\/\/support.mozilla.org\/pt-BR\/kb\/gerencie-configuracoes-de-armazenamento-local-de-s\" target=\"_blank\" rel=\"noopener noreferrer\">Mozilla Firefox<\/a><\/div><\/li><li class=\"sc-fznyYp kdOAmQ\"><div><a href=\"https:\/\/support.apple.com\/pt-br\/guide\/safari\/sfri11471\/mac\" target=\"_blank\" rel=\"noopener noreferrer\">Safari<\/a><\/div><\/li><li class=\"sc-fznyYp kdOAmQ\"><div><a href=\"https:\/\/support.microsoft.com\/pt-br\/help\/17442\/windows-internet-explorer-delete-manage-cookies\" target=\"_blank\" rel=\"noopener noreferrer\">Internet Explorer<\/a><\/div><\/li><li class=\"sc-fznyYp kdOAmQ\"><div><a href=\"https:\/\/support.microsoft.com\/pt-br\/help\/4027947\/microsoft-edge-delete-cookies\" target=\"_blank\" rel=\"noopener noreferrer\">Microsoft Edge<\/a><\/div><\/li><li class=\"sc-fznyYp kdOAmQ\"><div><a href=\"https:\/\/help.opera.com\/en\/latest\/web-preferences\/#cookies\" target=\"_blank\" rel=\"noopener noreferrer\">Opera<br \/><\/a><\/div><\/li><\/ul><\/div><\/div><p><span style=\"color: #000000;\">Esta Pol\u00edtica ser\u00e1 interpretada de acordo com a legisla\u00e7\u00e3o da Rep\u00fablica Federativa do Brasil. Caso haja qualquer conflito decorrente da utiliza\u00e7\u00e3o do Site, a lei brasileira ser\u00e1 aplicada e o foro da Comarca de S\u00e3o Paulo ser\u00e1 o foro competente para dirimir o conflito.<\/span><\/p>\t\t\t\t\t\t<\/div>\n\t\t\t\t<\/div>\n\t\t\t\t\t<\/div>\n\t\t<\/div>\n\t\t\t\t<div class=\"elementor-column elementor-col-33 elementor-top-column elementor-element elementor-element-b3e89ad\" data-id=\"b3e89ad\" data-element_type=\"column\">\n\t\t\t<div class=\"elementor-widget-wrap elementor-element-populated\">\n\t\t\t\t\t\t\t<\/div>\n\t\t<\/div>\n\t\t\t\t\t<\/div>\n\t\t<\/section>\n\t\t\t\t<\/div>\n\t\t","protected":false},"excerpt":{"rendered":"<p>Pol\u00edtica de Privacidade Abordamos nesse documento sobre a pol\u00edtica de privacidade para regular o tratamento<\/p>\n","protected":false},"author":1,"featured_media":0,"parent":0,"menu_order":0,"comment_status":"closed","ping_status":"closed","template":"elementor_header_footer","meta":{"_monsterinsights_skip_tracking":false,"_monsterinsights_sitenote_active":false,"_monsterinsights_sitenote_note":"","_monsterinsights_sitenote_category":0,"footnotes":""},"class_list":["post-1089","page","type-page","status-publish","hentry"],"aioseo_notices":[],"_links":{"self":[{"href":"https:\/\/infantv.com.br\/itv\/wp-json\/wp\/v2\/pages\/1089","targetHints":{"allow":["GET"]}}],"collection":[{"href":"https:\/\/infantv.com.br\/itv\/wp-json\/wp\/v2\/pages"}],"about":[{"href":"https:\/\/infantv.com.br\/itv\/wp-json\/wp\/v2\/types\/page"}],"author":[{"embeddable":true,"href":"https:\/\/infantv.com.br\/itv\/wp-json\/wp\/v2\/users\/1"}],"replies":[{"embeddable":true,"href":"https:\/\/infantv.com.br\/itv\/wp-json\/wp\/v2\/comments?post=1089"}],"version-history":[{"count":4,"href":"https:\/\/infantv.com.br\/itv\/wp-json\/wp\/v2\/pages\/1089\/revisions"}],"predecessor-version":[{"id":1093,"href":"https:\/\/infantv.com.br\/itv\/wp-json\/wp\/v2\/pages\/1089\/revisions\/1093"}],"wp:attachment":[{"href":"https:\/\/infantv.com.br\/itv\/wp-json\/wp\/v2\/media?parent=1089"}],"curies":[{"name":"wp","href":"https:\/\/api.w.org\/{rel}","templated":true}]}}