{"id":1071,"date":"2024-06-01T20:11:20","date_gmt":"2024-06-01T20:11:20","guid":{"rendered":"https:\/\/infantv.com.br\/itv\/?page_id=1071"},"modified":"2024-06-01T20:21:22","modified_gmt":"2024-06-01T20:21:22","slug":"denuncie","status":"publish","type":"page","link":"https:\/\/infantv.com.br\/itv\/denuncie\/","title":{"rendered":"Denuncie"},"content":{"rendered":"\t\t<div data-elementor-type=\"wp-page\" data-elementor-id=\"1071\" class=\"elementor elementor-1071\">\n\t\t\t\t\t\t<section class=\"elementor-section elementor-top-section elementor-element elementor-element-359ac8e elementor-section-boxed elementor-section-height-default elementor-section-height-default wpr-particle-no wpr-jarallax-no wpr-parallax-no wpr-sticky-section-no\" data-id=\"359ac8e\" data-element_type=\"section\">\n\t\t\t\t\t\t<div class=\"elementor-container elementor-column-gap-default\">\n\t\t\t\t\t<div class=\"elementor-column elementor-col-66 elementor-top-column elementor-element elementor-element-66e3991\" data-id=\"66e3991\" data-element_type=\"column\">\n\t\t\t<div class=\"elementor-widget-wrap elementor-element-populated\">\n\t\t\t\t\t\t<div class=\"elementor-element elementor-element-6ffb63f premium-title-color elementor-widget elementor-widget-premium-addon-title\" data-id=\"6ffb63f\" data-element_type=\"widget\" data-widget_type=\"premium-addon-title.default\">\n\t\t\t\t<div class=\"elementor-widget-container\">\n\t\t\t\r\n\t\t<div class=\"premium-title-container style1\">\r\n\t\t\t<h2 class=\"premium-title-header premium-title-style1\">\r\n\t\t\t\t\r\n\t\t\t\t\r\n\t\t\t\t\t\t\t\t\t\t\t\t<span class=\"premium-title-text\" >\r\n\t\t\t\t\tDenuncie\t\t\t\t<\/span>\r\n\t\t\t\t\t\r\n\t\t\t\t\t\t\t\t\t\t\t<\/h2>\r\n\t\t<\/div>\r\n\r\n\t\t\t\t<\/div>\n\t\t\t\t<\/div>\n\t\t\t\t<div class=\"elementor-element elementor-element-8f41021 elementor-widget elementor-widget-text-editor\" data-id=\"8f41021\" data-element_type=\"widget\" data-widget_type=\"text-editor.default\">\n\t\t\t\t<div class=\"elementor-widget-container\">\n\t\t\t<style>\/*! elementor - v3.23.0 - 25-07-2024 *\/\n.elementor-widget-text-editor.elementor-drop-cap-view-stacked .elementor-drop-cap{background-color:#69727d;color:#fff}.elementor-widget-text-editor.elementor-drop-cap-view-framed .elementor-drop-cap{color:#69727d;border:3px solid;background-color:transparent}.elementor-widget-text-editor:not(.elementor-drop-cap-view-default) .elementor-drop-cap{margin-top:8px}.elementor-widget-text-editor:not(.elementor-drop-cap-view-default) .elementor-drop-cap-letter{width:1em;height:1em}.elementor-widget-text-editor .elementor-drop-cap{float:left;text-align:center;line-height:1;font-size:50px}.elementor-widget-text-editor .elementor-drop-cap-letter{display:inline-block}<\/style>\t\t\t\t<p style=\"text-align: center;\"><script async src=\"https:\/\/pagead2.googlesyndication.com\/pagead\/js\/adsbygoogle.js?client=ca-pub-7216971035978343\"\r\n     crossorigin=\"anonymous\"><\/script>\r\n<!-- superior -->\r\n<ins class=\"adsbygoogle\"\r\n     style=\"display:inline-block;width:728px;height:90px\"\r\n     data-ad-client=\"ca-pub-7216971035978343\"\r\n     data-ad-slot=\"7713613550\"><\/ins>\r\n<script>\r\n     (adsbygoogle = window.adsbygoogle || []).push({});\r\n<\/script><\/p>\t\t\t\t\t\t<\/div>\n\t\t\t\t<\/div>\n\t\t\t\t<div class=\"elementor-element elementor-element-5f3f6b1 elementor-widget elementor-widget-text-editor\" data-id=\"5f3f6b1\" data-element_type=\"widget\" data-widget_type=\"text-editor.default\">\n\t\t\t\t<div class=\"elementor-widget-container\">\n\t\t\t\t\t\t\t<p><span style=\"color: #000000;\">O <strong>InfanTv<\/strong> recebe den\u00fancias de:<\/span><\/p><p><span style=\"color: #000000;\">\u2022Pedofilia, pornografia infantil e explora\u00e7\u00e3o sexual de crian\u00e7a ou adolescente.<\/span><\/p><p><span style=\"color: #000000;\">\u2022Racismo, xenofobia, neonazismo, homofobia ou intoler\u00e2ncia religiosa.<\/span><\/p><p><span style=\"color: #000000;\">\u2022Viola\u00e7\u00e3o de direitos autorais.<\/span><\/p><p><span style=\"color: #000000;\">\u2022Outras den\u00fancias.<\/span><\/p><p><span style=\"color: #000000;\">Os dados sobre a den\u00fancia ser\u00e3o enviados para avalia\u00e7\u00e3o do <strong>InfanTv<\/strong>.<\/span><\/p><p><strong><span style=\"color: #000000;\">IMPORTANTE!<\/span><\/strong><br \/><span style=\"color: #000000;\">Para fazer a den\u00fancia, voc\u00ea precisa fornecer seu e-mail e uma descri\u00e7\u00e3o detalhada sobre os fatos a serem investigados.<\/span><\/p><p><span style=\"color: #000000;\">A denuncia\u00e7\u00e3o caluniosa e a comunica\u00e7\u00e3o falsa de crime ou de contraven\u00e7\u00e3o tamb\u00e9m s\u00e3o crimes previsos nos artigos 339 e 340 do C\u00f3digo Penal.<\/span><\/p>\t\t\t\t\t\t<\/div>\n\t\t\t\t<\/div>\n\t\t\t\t\t<\/div>\n\t\t<\/div>\n\t\t\t\t<div class=\"elementor-column elementor-col-33 elementor-top-column elementor-element elementor-element-b3e89ad\" data-id=\"b3e89ad\" data-element_type=\"column\">\n\t\t\t<div class=\"elementor-widget-wrap elementor-element-populated\">\n\t\t\t\t\t\t\t<\/div>\n\t\t<\/div>\n\t\t\t\t\t<\/div>\n\t\t<\/section>\n\t\t\t\t<\/div>\n\t\t","protected":false},"excerpt":{"rendered":"<p>Denuncie O InfanTv recebe den\u00fancias de: \u2022Pedofilia, pornografia infantil e explora\u00e7\u00e3o sexual de crian\u00e7a ou<\/p>\n","protected":false},"author":1,"featured_media":0,"parent":0,"menu_order":0,"comment_status":"closed","ping_status":"closed","template":"elementor_header_footer","meta":{"_monsterinsights_skip_tracking":false,"_monsterinsights_sitenote_active":false,"_monsterinsights_sitenote_note":"","_monsterinsights_sitenote_category":0,"footnotes":""},"class_list":["post-1071","page","type-page","status-publish","hentry"],"aioseo_notices":[],"_links":{"self":[{"href":"https:\/\/infantv.com.br\/itv\/wp-json\/wp\/v2\/pages\/1071","targetHints":{"allow":["GET"]}}],"collection":[{"href":"https:\/\/infantv.com.br\/itv\/wp-json\/wp\/v2\/pages"}],"about":[{"href":"https:\/\/infantv.com.br\/itv\/wp-json\/wp\/v2\/types\/page"}],"author":[{"embeddable":true,"href":"https:\/\/infantv.com.br\/itv\/wp-json\/wp\/v2\/users\/1"}],"replies":[{"embeddable":true,"href":"https:\/\/infantv.com.br\/itv\/wp-json\/wp\/v2\/comments?post=1071"}],"version-history":[{"count":10,"href":"https:\/\/infantv.com.br\/itv\/wp-json\/wp\/v2\/pages\/1071\/revisions"}],"predecessor-version":[{"id":1081,"href":"https:\/\/infantv.com.br\/itv\/wp-json\/wp\/v2\/pages\/1071\/revisions\/1081"}],"wp:attachment":[{"href":"https:\/\/infantv.com.br\/itv\/wp-json\/wp\/v2\/media?parent=1071"}],"curies":[{"name":"wp","href":"https:\/\/api.w.org\/{rel}","templated":true}]}}