{"id":16968,"date":"2016-12-27T14:42:11","date_gmt":"2016-12-27T14:42:11","guid":{"rendered":"http:\/\/infantv.com.br\/infantv\/?page_id=16968"},"modified":"2017-01-10T20:01:21","modified_gmt":"2017-01-10T20:01:21","slug":"o-site","status":"publish","type":"page","link":"https:\/\/infantv.com.br\/infantv\/o-site\/","title":{"rendered":"O Site"},"content":{"rendered":"<h3 style=\"text-align: center;\"><a href=\"http:\/\/www.infantv.com.br\/infantv\/wp-content\/uploads\/2016\/12\/site.jpg\"><img src=\"data:image\/gif;base64,R0lGODlhAQABAIAAAAAAAP\/\/\/ywAAAAAAQABAAACAUwAOw==\" fifu-lazy=\"1\" fifu-data-sizes=\"auto\" fifu-data-srcset=\"https:\/\/i3.wp.com\/www.infantv.com.br\/infantv\/wp-content\/uploads\/2016\/12\/site.jpg?ssl=1&w=75&resize=75&ssl=1 75w, https:\/\/i3.wp.com\/www.infantv.com.br\/infantv\/wp-content\/uploads\/2016\/12\/site.jpg?ssl=1&w=100&resize=100&ssl=1 100w, https:\/\/i3.wp.com\/www.infantv.com.br\/infantv\/wp-content\/uploads\/2016\/12\/site.jpg?ssl=1&w=150&resize=150&ssl=1 150w, https:\/\/i3.wp.com\/www.infantv.com.br\/infantv\/wp-content\/uploads\/2016\/12\/site.jpg?ssl=1&w=240&resize=240&ssl=1 240w, https:\/\/i3.wp.com\/www.infantv.com.br\/infantv\/wp-content\/uploads\/2016\/12\/site.jpg?ssl=1&w=320&resize=320&ssl=1 320w, https:\/\/i3.wp.com\/www.infantv.com.br\/infantv\/wp-content\/uploads\/2016\/12\/site.jpg?ssl=1&w=500&resize=500&ssl=1 500w, https:\/\/i3.wp.com\/www.infantv.com.br\/infantv\/wp-content\/uploads\/2016\/12\/site.jpg?ssl=1&w=640&resize=640&ssl=1 640w, https:\/\/i3.wp.com\/www.infantv.com.br\/infantv\/wp-content\/uploads\/2016\/12\/site.jpg?ssl=1&w=800&resize=800&ssl=1 800w, https:\/\/i3.wp.com\/www.infantv.com.br\/infantv\/wp-content\/uploads\/2016\/12\/site.jpg?ssl=1&w=1024&resize=1024&ssl=1 1024w, https:\/\/i3.wp.com\/www.infantv.com.br\/infantv\/wp-content\/uploads\/2016\/12\/site.jpg?ssl=1&w=1280&resize=1280&ssl=1 1280w, https:\/\/i3.wp.com\/www.infantv.com.br\/infantv\/wp-content\/uploads\/2016\/12\/site.jpg?ssl=1&w=1600&resize=1600&ssl=1 1600w\" decoding=\"async\" loading=\"lazy\" class=\" wp-image-18298 size-full alignleft\" fifu-data-src=\"https:\/\/i3.wp.com\/www.infantv.com.br\/infantv\/wp-content\/uploads\/2016\/12\/site.jpg?ssl=1\" alt=\"\" width=\"90\" height=\"90\" srcset=\"https:\/\/infantv.com.br\/infantv\/wp-content\/uploads\/2016\/12\/site.jpg 90w, https:\/\/infantv.com.br\/infantv\/wp-content\/uploads\/2016\/12\/site-50x50.jpg 50w\" sizes=\"(max-width: 90px) 100vw, 90px\" \/><\/a>O Site<\/h3>\n<p style=\"text-align: center;\"><em><br \/>\n<\/em><\/p>\n<hr \/>\n<p style=\"text-align: justify;\">O InfanTv surgiu em setembro de 2003 com o intuito de resgatar a mem\u00f3ria da nossa tev\u00ea atrav\u00e9s dos programas infantis. Com isso, o site acaba abordando a inf\u00e2ncia de muitos internautas de diversas gera\u00e7\u00f5es. Estamos presentes na vida daqueles que foram crian\u00e7as cantando \u201cO bom menino n\u00e3o faz xixi na cama, o bom menino n\u00e3o faz mal-cria\u00e7\u00e3o\u201d, mas tamb\u00e9m revivemos a inf\u00e2ncia de quem aprendeu com o Vila S\u00e9samo ou de quem viu a Xuxa estrear no Clube da Crian\u00e7a.<\/p>\n<p style=\"text-align: justify;\">O sites est\u00e1 dividido em dois\u00a0tipos de programa\u00e7\u00e3o. Em &#8220;S\u00e9ries&#8221;, voc\u00ea vai encontrar todos aqueles seriados que marcaram a inf\u00e2ncia de muitos. E\u00a0tamb\u00e9m um espa\u00e7o reservado para os &#8220;Desenhos&#8221;, onde o internauta ir\u00e1 mergulhar num mundo de fantasia repleto de personagens marcantes e hist\u00f3rias que ainda moram em nossa mem\u00f3ria.<\/p>\n<p style=\"text-align: justify;\">Al\u00e9m de muitas fotos raras, o site tr\u00e1s dezenas de temas dos programas e quando poss\u00edvel v\u00eddeos. A cada m\u00eas trazemos not\u00edcias e entrevistas sobre programas infantis, al\u00e9m de se\u00e7\u00f5es sempre atualizadas: Trilha Sonora: onde o visitante encontra informa\u00e7\u00f5es e letras de algum \u00e1lbum que fez sucesso representando algum programa; Filmes: o lugar certo para relembramos aqueles filmes que nos encantaram na tev\u00ea em se\u00e7\u00f5es como Cinema em Casa ou Se\u00e7\u00e3o da Tarde; em Lembra?: encontramos elementos que faziam parte da televis\u00e3o e que de alguma maneira marcou a crian\u00e7ada, como o Zebrinha do Fant\u00e1stico ou a abertura de Planeta dos Homens.<\/p>\n<p style=\"text-align: justify;\">A interatividade est\u00e1 muito presente no InfanTv. Al\u00e9m de abrirmos um canal atrav\u00e9s de nosso e-mail para cr\u00edticas, d\u00favidas e sugest\u00f5es, estamos sempre atendendo aos pedidos dos nossos internautas, porque aqui voc\u00ea manda!<br \/>\nN\u00e3o deixe de divulgar esse canal entre voc\u00ea e a busca do seu passado. Boa Divers\u00e3o!<\/p>\n","protected":false},"excerpt":{"rendered":"<p>O Site O InfanTv surgiu em setembro de 2003 com o intuito de resgatar a mem\u00f3ria da nossa tev\u00ea atrav\u00e9s dos programas infantis. Com isso, o site acaba abordando a inf\u00e2ncia de muitos internautas de diversas gera\u00e7\u00f5es. Estamos presentes na vida daqueles que foram crian\u00e7as cantando \u201cO bom menino n\u00e3o faz xixi na cama, o [&hellip;]<\/p>\n","protected":false},"author":1,"featured_media":0,"parent":0,"menu_order":0,"comment_status":"open","ping_status":"open","template":"","meta":{"cybocfi_hide_featured_image":""},"_links":{"self":[{"href":"https:\/\/infantv.com.br\/infantv\/wp-json\/wp\/v2\/pages\/16968"}],"collection":[{"href":"https:\/\/infantv.com.br\/infantv\/wp-json\/wp\/v2\/pages"}],"about":[{"href":"https:\/\/infantv.com.br\/infantv\/wp-json\/wp\/v2\/types\/page"}],"author":[{"embeddable":true,"href":"https:\/\/infantv.com.br\/infantv\/wp-json\/wp\/v2\/users\/1"}],"replies":[{"embeddable":true,"href":"https:\/\/infantv.com.br\/infantv\/wp-json\/wp\/v2\/comments?post=16968"}],"version-history":[{"count":3,"href":"https:\/\/infantv.com.br\/infantv\/wp-json\/wp\/v2\/pages\/16968\/revisions"}],"predecessor-version":[{"id":18299,"href":"https:\/\/infantv.com.br\/infantv\/wp-json\/wp\/v2\/pages\/16968\/revisions\/18299"}],"wp:attachment":[{"href":"https:\/\/infantv.com.br\/infantv\/wp-json\/wp\/v2\/media?parent=16968"}],"curies":[{"name":"wp","href":"https:\/\/api.w.org\/{rel}","templated":true}]}}