{"id":16965,"date":"2016-12-27T14:38:49","date_gmt":"2016-12-27T14:38:49","guid":{"rendered":"http:\/\/infantv.com.br\/infantv\/?page_id=16965"},"modified":"2017-01-10T19:59:23","modified_gmt":"2017-01-10T19:59:23","slug":"criacao","status":"publish","type":"page","link":"https:\/\/infantv.com.br\/infantv\/criacao\/","title":{"rendered":"Cria\u00e7\u00e3o"},"content":{"rendered":"<h3 style=\"text-align: center;\"><a href=\"http:\/\/www.infantv.com.br\/infantv\/wp-content\/uploads\/2016\/12\/criacao.jpg\"><img src=\"data:image\/gif;base64,R0lGODlhAQABAIAAAAAAAP\/\/\/ywAAAAAAQABAAACAUwAOw==\" fifu-lazy=\"1\" fifu-data-sizes=\"auto\" fifu-data-srcset=\"https:\/\/i1.wp.com\/www.infantv.com.br\/infantv\/wp-content\/uploads\/2016\/12\/criacao.jpg?ssl=1&w=75&resize=75&ssl=1 75w, https:\/\/i1.wp.com\/www.infantv.com.br\/infantv\/wp-content\/uploads\/2016\/12\/criacao.jpg?ssl=1&w=100&resize=100&ssl=1 100w, https:\/\/i1.wp.com\/www.infantv.com.br\/infantv\/wp-content\/uploads\/2016\/12\/criacao.jpg?ssl=1&w=150&resize=150&ssl=1 150w, https:\/\/i1.wp.com\/www.infantv.com.br\/infantv\/wp-content\/uploads\/2016\/12\/criacao.jpg?ssl=1&w=240&resize=240&ssl=1 240w, https:\/\/i1.wp.com\/www.infantv.com.br\/infantv\/wp-content\/uploads\/2016\/12\/criacao.jpg?ssl=1&w=320&resize=320&ssl=1 320w, https:\/\/i1.wp.com\/www.infantv.com.br\/infantv\/wp-content\/uploads\/2016\/12\/criacao.jpg?ssl=1&w=500&resize=500&ssl=1 500w, https:\/\/i1.wp.com\/www.infantv.com.br\/infantv\/wp-content\/uploads\/2016\/12\/criacao.jpg?ssl=1&w=640&resize=640&ssl=1 640w, https:\/\/i1.wp.com\/www.infantv.com.br\/infantv\/wp-content\/uploads\/2016\/12\/criacao.jpg?ssl=1&w=800&resize=800&ssl=1 800w, https:\/\/i1.wp.com\/www.infantv.com.br\/infantv\/wp-content\/uploads\/2016\/12\/criacao.jpg?ssl=1&w=1024&resize=1024&ssl=1 1024w, https:\/\/i1.wp.com\/www.infantv.com.br\/infantv\/wp-content\/uploads\/2016\/12\/criacao.jpg?ssl=1&w=1280&resize=1280&ssl=1 1280w, https:\/\/i1.wp.com\/www.infantv.com.br\/infantv\/wp-content\/uploads\/2016\/12\/criacao.jpg?ssl=1&w=1600&resize=1600&ssl=1 1600w\" decoding=\"async\" loading=\"lazy\" class=\" wp-image-18295 size-full alignleft\" fifu-data-src=\"https:\/\/i1.wp.com\/www.infantv.com.br\/infantv\/wp-content\/uploads\/2016\/12\/criacao.jpg?ssl=1\" alt=\"\" width=\"90\" height=\"90\" srcset=\"https:\/\/infantv.com.br\/infantv\/wp-content\/uploads\/2016\/12\/criacao.jpg 90w, https:\/\/infantv.com.br\/infantv\/wp-content\/uploads\/2016\/12\/criacao-50x50.jpg 50w\" sizes=\"(max-width: 90px) 100vw, 90px\" \/><\/a>A Cria\u00e7\u00e3o<\/h3>\n<p style=\"text-align: center;\"><em><br \/>\n<\/em><\/p>\n<hr \/>\n<p style=\"text-align: justify;\">Iza\u00edas Correia \u00e9 um cin\u00e9filo que aprendeu a apreciar a arte cinematogr\u00e1fica como um todo, desde o Expressionismo Alem\u00e3o at\u00e9 os romances contempor\u00e2neos. Todas as informa\u00e7\u00f5es sobre movimentos, g\u00eaneros e estrelas do cinema foram colecionados por ele ao longo dos anos.<\/p>\n<p style=\"text-align: justify;\">Vive rodeado de Enciclop\u00e9dias sobre o assunto. Seu primeiro site \u201cA Verdade Por Tr\u00e1s do O Exorcista\u201d \u00e9 um dos mais completos trabalhos de pesquisa j\u00e1 realizados na Internet sobre um filme. O site tornou-se um estrondoso sucesso e abriu portas para o autor da p\u00e1gina, que acabou sendo convidado pela Warner para corrigir as legendas da nova vers\u00e3o do filme lan\u00e7ada no Brasil, al\u00e9m de dar entrevistas para a Revista \u00c9poca, Folha de S\u00e3o Paulo e o Programa do J\u00f4 a respeito do filme e do site.<\/p>\n<p style=\"text-align: justify;\">Iza\u00edas \u00e9 Bacharel em Comunica\u00e7\u00e3o Social, pelas Faculdades Oswaldo Cruz, e trabalhou por 1 ano e meio como roteirista do programa Mutir\u00e3o Cultural. Talvez esse contato acentuado com os ve\u00edculos de comunica\u00e7\u00e3o de massa tenha tornado Iza\u00edas um inveterado pesquisador tamb\u00e9m dos programas de televis\u00e3o, fato que deu origem ao infanTv. Hoje leciona roteiro e l\u00edngua portuguesa e cuida da manuten\u00e7\u00e3o dos seus sites.<\/p>\n","protected":false},"excerpt":{"rendered":"<p>A Cria\u00e7\u00e3o Iza\u00edas Correia \u00e9 um cin\u00e9filo que aprendeu a apreciar a arte cinematogr\u00e1fica como um todo, desde o Expressionismo Alem\u00e3o at\u00e9 os romances contempor\u00e2neos. Todas as informa\u00e7\u00f5es sobre movimentos, g\u00eaneros e estrelas do cinema foram colecionados por ele ao longo dos anos. Vive rodeado de Enciclop\u00e9dias sobre o assunto. Seu primeiro site \u201cA Verdade [&hellip;]<\/p>\n","protected":false},"author":1,"featured_media":0,"parent":0,"menu_order":0,"comment_status":"open","ping_status":"open","template":"","meta":{"cybocfi_hide_featured_image":""},"_links":{"self":[{"href":"https:\/\/infantv.com.br\/infantv\/wp-json\/wp\/v2\/pages\/16965"}],"collection":[{"href":"https:\/\/infantv.com.br\/infantv\/wp-json\/wp\/v2\/pages"}],"about":[{"href":"https:\/\/infantv.com.br\/infantv\/wp-json\/wp\/v2\/types\/page"}],"author":[{"embeddable":true,"href":"https:\/\/infantv.com.br\/infantv\/wp-json\/wp\/v2\/users\/1"}],"replies":[{"embeddable":true,"href":"https:\/\/infantv.com.br\/infantv\/wp-json\/wp\/v2\/comments?post=16965"}],"version-history":[{"count":3,"href":"https:\/\/infantv.com.br\/infantv\/wp-json\/wp\/v2\/pages\/16965\/revisions"}],"predecessor-version":[{"id":18296,"href":"https:\/\/infantv.com.br\/infantv\/wp-json\/wp\/v2\/pages\/16965\/revisions\/18296"}],"wp:attachment":[{"href":"https:\/\/infantv.com.br\/infantv\/wp-json\/wp\/v2\/media?parent=16965"}],"curies":[{"name":"wp","href":"https:\/\/api.w.org\/{rel}","templated":true}]}}